{"id":3664,"date":"2019-12-04T10:51:53","date_gmt":"2019-12-04T10:51:53","guid":{"rendered":"http:\/\/restaurantevinatea.com\/angela-milian\/"},"modified":"2022-12-27T18:28:05","modified_gmt":"2022-12-27T18:28:05","slug":"angela-milian","status":"publish","type":"page","link":"https:\/\/restaurantevinatea.com\/en\/angela-milian\/","title":{"rendered":"\u00c0ngela Mili\u00e1n"},"content":{"rendered":"\t\t<div data-elementor-type=\"wp-page\" data-elementor-id=\"3664\" class=\"elementor elementor-3664 elementor-1172\" data-elementor-post-type=\"page\">\n\t\t\t\t\t\t<section class=\"elementor-section elementor-top-section elementor-element elementor-element-7c1a80e elementor-section-stretched elementor-section-full_width elementor-section-height-default elementor-section-height-default\" data-id=\"7c1a80e\" data-element_type=\"section\" data-e-type=\"section\" data-settings=\"{&quot;stretch_section&quot;:&quot;section-stretched&quot;,&quot;background_background&quot;:&quot;classic&quot;}\">\n\t\t\t\t\t\t\t<div class=\"elementor-background-overlay\"><\/div>\n\t\t\t\t\t\t\t<div class=\"elementor-container elementor-column-gap-default\">\n\t\t\t\t\t<div class=\"elementor-column elementor-col-100 elementor-top-column elementor-element elementor-element-7159d79\" data-id=\"7159d79\" data-element_type=\"column\" data-e-type=\"column\">\n\t\t\t<div class=\"elementor-widget-wrap elementor-element-populated\">\n\t\t\t\t\t\t<div class=\"elementor-element elementor-element-d2b561b elementor-widget elementor-widget-spacer\" data-id=\"d2b561b\" data-element_type=\"widget\" data-e-type=\"widget\" data-widget_type=\"spacer.default\">\n\t\t\t\t<div class=\"elementor-widget-container\">\n\t\t\t\t\t\t\t<div class=\"elementor-spacer\">\n\t\t\t<div class=\"elementor-spacer-inner\"><\/div>\n\t\t<\/div>\n\t\t\t\t\t\t<\/div>\n\t\t\t\t<\/div>\n\t\t\t\t<div class=\"elementor-element elementor-element-bd3b723 elementor-widget elementor-widget-spacer\" data-id=\"bd3b723\" data-element_type=\"widget\" data-e-type=\"widget\" data-widget_type=\"spacer.default\">\n\t\t\t\t<div class=\"elementor-widget-container\">\n\t\t\t\t\t\t\t<div class=\"elementor-spacer\">\n\t\t\t<div class=\"elementor-spacer-inner\"><\/div>\n\t\t<\/div>\n\t\t\t\t\t\t<\/div>\n\t\t\t\t<\/div>\n\t\t\t\t<section class=\"elementor-section elementor-inner-section elementor-element elementor-element-ebca750 elementor-section-boxed elementor-section-height-default elementor-section-height-default\" data-id=\"ebca750\" data-element_type=\"section\" data-e-type=\"section\">\n\t\t\t\t\t\t<div class=\"elementor-container elementor-column-gap-default\">\n\t\t\t\t\t<div class=\"elementor-column elementor-col-100 elementor-inner-column elementor-element elementor-element-8b39bbb\" data-id=\"8b39bbb\" data-element_type=\"column\" data-e-type=\"column\">\n\t\t\t<div class=\"elementor-widget-wrap elementor-element-populated\">\n\t\t\t\t\t\t<div class=\"elementor-element elementor-element-fd6ef53 elementor-widget elementor-widget-heading\" data-id=\"fd6ef53\" data-element_type=\"widget\" data-e-type=\"widget\" data-widget_type=\"heading.default\">\n\t\t\t\t<div class=\"elementor-widget-container\">\n\t\t\t\t\t<h2 class=\"elementor-heading-title elementor-size-default\">\u00c0ngela Mili\u00e1n<\/h2>\t\t\t\t<\/div>\n\t\t\t\t<\/div>\n\t\t\t\t\t<\/div>\n\t\t<\/div>\n\t\t\t\t\t<\/div>\n\t\t<\/section>\n\t\t\t\t<div class=\"elementor-element elementor-element-6968523 elementor-widget elementor-widget-text-editor\" data-id=\"6968523\" data-element_type=\"widget\" data-e-type=\"widget\" data-widget_type=\"text-editor.default\">\n\t\t\t\t<div class=\"elementor-widget-container\">\n\t\t\t\t\t\t\t\t\t<p>Chef<\/p>\n\t\t\t\t\t\t\t\t<\/div>\n\t\t\t\t<\/div>\n\t\t\t\t<div class=\"elementor-element elementor-element-885e4c3 elementor-widget elementor-widget-spacer\" data-id=\"885e4c3\" data-element_type=\"widget\" data-e-type=\"widget\" data-widget_type=\"spacer.default\">\n\t\t\t\t<div class=\"elementor-widget-container\">\n\t\t\t\t\t\t\t<div class=\"elementor-spacer\">\n\t\t\t<div class=\"elementor-spacer-inner\"><\/div>\n\t\t<\/div>\n\t\t\t\t\t\t<\/div>\n\t\t\t\t<\/div>\n\t\t\t\t\t<\/div>\n\t\t<\/div>\n\t\t\t\t\t<\/div>\n\t\t<\/section>\n\t\t\t\t<section class=\"elementor-section elementor-top-section elementor-element elementor-element-5ae3b42 elementor-section-boxed elementor-section-height-default elementor-section-height-default\" data-id=\"5ae3b42\" data-element_type=\"section\" data-e-type=\"section\">\n\t\t\t\t\t\t<div class=\"elementor-container elementor-column-gap-default\">\n\t\t\t\t\t<div class=\"elementor-column elementor-col-100 elementor-top-column elementor-element elementor-element-eb3ba7b\" data-id=\"eb3ba7b\" data-element_type=\"column\" data-e-type=\"column\">\n\t\t\t<div class=\"elementor-widget-wrap elementor-element-populated\">\n\t\t\t\t\t\t<div class=\"elementor-element elementor-element-439163a elementor-widget elementor-widget-spacer\" data-id=\"439163a\" data-element_type=\"widget\" data-e-type=\"widget\" data-widget_type=\"spacer.default\">\n\t\t\t\t<div class=\"elementor-widget-container\">\n\t\t\t\t\t\t\t<div class=\"elementor-spacer\">\n\t\t\t<div class=\"elementor-spacer-inner\"><\/div>\n\t\t<\/div>\n\t\t\t\t\t\t<\/div>\n\t\t\t\t<\/div>\n\t\t\t\t\t<\/div>\n\t\t<\/div>\n\t\t\t\t\t<\/div>\n\t\t<\/section>\n\t\t\t\t<section class=\"elementor-section elementor-top-section elementor-element elementor-element-1de5b79e elementor-section-boxed elementor-section-height-default elementor-section-height-default\" data-id=\"1de5b79e\" data-element_type=\"section\" data-e-type=\"section\">\n\t\t\t\t\t\t<div class=\"elementor-container elementor-column-gap-default\">\n\t\t\t\t\t<div class=\"elementor-column elementor-col-33 elementor-top-column elementor-element elementor-element-2a505478\" data-id=\"2a505478\" data-element_type=\"column\" data-e-type=\"column\">\n\t\t\t<div class=\"elementor-widget-wrap elementor-element-populated\">\n\t\t\t\t\t\t<div class=\"elementor-element elementor-element-15b76e91 team-img elementor-widget elementor-widget-image\" data-id=\"15b76e91\" data-element_type=\"widget\" data-e-type=\"widget\" data-widget_type=\"image.default\">\n\t\t\t\t<div class=\"elementor-widget-container\">\n\t\t\t\t\t\t\t\t\t\t\t\t\t\t\t<img fetchpriority=\"high\" decoding=\"async\" width=\"1120\" height=\"1680\" src=\"https:\/\/restaurantevinatea.com\/wp-content\/uploads\/2022\/01\/BOOK-DE-FOTOS-DE-ANGELA-Y-DIEGO-MARZO-2021-5.jpg\" class=\"attachment-full size-full wp-image-3566\" alt=\"\" srcset=\"https:\/\/restaurantevinatea.com\/wp-content\/uploads\/2022\/01\/BOOK-DE-FOTOS-DE-ANGELA-Y-DIEGO-MARZO-2021-5.jpg 1120w, https:\/\/restaurantevinatea.com\/wp-content\/uploads\/2022\/01\/BOOK-DE-FOTOS-DE-ANGELA-Y-DIEGO-MARZO-2021-5-200x300.jpg 200w, https:\/\/restaurantevinatea.com\/wp-content\/uploads\/2022\/01\/BOOK-DE-FOTOS-DE-ANGELA-Y-DIEGO-MARZO-2021-5-683x1024.jpg 683w, https:\/\/restaurantevinatea.com\/wp-content\/uploads\/2022\/01\/BOOK-DE-FOTOS-DE-ANGELA-Y-DIEGO-MARZO-2021-5-768x1152.jpg 768w, https:\/\/restaurantevinatea.com\/wp-content\/uploads\/2022\/01\/BOOK-DE-FOTOS-DE-ANGELA-Y-DIEGO-MARZO-2021-5-1024x1536.jpg 1024w\" sizes=\"(max-width: 1120px) 100vw, 1120px\" \/>\t\t\t\t\t\t\t\t\t\t\t\t\t\t\t<\/div>\n\t\t\t\t<\/div>\n\t\t\t\t\t<\/div>\n\t\t<\/div>\n\t\t\t\t<div class=\"elementor-column elementor-col-33 elementor-top-column elementor-element elementor-element-56b28247\" data-id=\"56b28247\" data-element_type=\"column\" data-e-type=\"column\">\n\t\t\t<div class=\"elementor-widget-wrap elementor-element-populated\">\n\t\t\t\t\t\t<div class=\"elementor-element elementor-element-621a227b team-desc elementor-widget elementor-widget-text-editor\" data-id=\"621a227b\" data-element_type=\"widget\" data-e-type=\"widget\" data-widget_type=\"text-editor.default\">\n\t\t\t\t<div class=\"elementor-widget-container\">\n\t\t\t\t\t\t\t\t\t<h3 class=\"team-title\">\u00c0ngela Mili\u00e1n<\/h3>\n<div class=\"smalltitle\">Chef<\/div>\n<p><b>PHONE:<\/b> 670 86 14 20<\/p>\n<p><b>EMAIL:<\/b> comunicacion@restaurantevinatea.com<\/p>\n\t\t\t\t\t\t\t\t<\/div>\n\t\t\t\t<\/div>\n\t\t\t\t<div class=\"elementor-element elementor-element-7003c43 elementor-shape-circle e-grid-align-left elementor-grid-0 elementor-widget elementor-widget-social-icons\" data-id=\"7003c43\" data-element_type=\"widget\" data-e-type=\"widget\" data-widget_type=\"social-icons.default\">\n\t\t\t\t<div class=\"elementor-widget-container\">\n\t\t\t\t\t\t\t<div class=\"elementor-social-icons-wrapper elementor-grid\" role=\"list\">\n\t\t\t\t\t\t\t<span class=\"elementor-grid-item\" role=\"listitem\">\n\t\t\t\t\t<a class=\"elementor-icon elementor-social-icon elementor-social-icon-facebook elementor-repeater-item-b41bb3c\" href=\"https:\/\/www.facebook.com\/ChefAngelaMilian\/\" target=\"_blank\">\n\t\t\t\t\t\t<span class=\"elementor-screen-only\">Facebook<\/span>\n\t\t\t\t\t\t<i aria-hidden=\"true\" class=\"fab fa-facebook\"><\/i>\t\t\t\t\t<\/a>\n\t\t\t\t<\/span>\n\t\t\t\t\t\t\t<span class=\"elementor-grid-item\" role=\"listitem\">\n\t\t\t\t\t<a class=\"elementor-icon elementor-social-icon elementor-social-icon-instagram elementor-repeater-item-5c6f3b9\" href=\"https:\/\/www.instagram.com\/angelamilian\/?hl=es\" target=\"_blank\">\n\t\t\t\t\t\t<span class=\"elementor-screen-only\">Instagram<\/span>\n\t\t\t\t\t\t<i aria-hidden=\"true\" class=\"fab fa-instagram\"><\/i>\t\t\t\t\t<\/a>\n\t\t\t\t<\/span>\n\t\t\t\t\t<\/div>\n\t\t\t\t\t\t<\/div>\n\t\t\t\t<\/div>\n\t\t\t\t<div class=\"elementor-element elementor-element-61cc63dc elementor-widget elementor-widget-text-editor\" data-id=\"61cc63dc\" data-element_type=\"widget\" data-e-type=\"widget\" data-widget_type=\"text-editor.default\">\n\t\t\t\t<div class=\"elementor-widget-container\">\n\t\t\t\t\t\t\t\t\t<p style=\"text-align: justify;\">\u00c0ngela Mili\u00e1n didn\u2019t choose cooking as a profession, she chose it as her own communication language. When Vinatea opened their doors, our chef only has one year old. For this, since child, she grows up in the restaurant.<\/p>\n\t\t\t\t\t\t\t\t<\/div>\n\t\t\t\t<\/div>\n\t\t\t\t\t<\/div>\n\t\t<\/div>\n\t\t\t\t<div class=\"elementor-column elementor-col-33 elementor-top-column elementor-element elementor-element-f7fb855\" data-id=\"f7fb855\" data-element_type=\"column\" data-e-type=\"column\">\n\t\t\t<div class=\"elementor-widget-wrap elementor-element-populated\">\n\t\t\t\t\t\t<div class=\"elementor-element elementor-element-bafd678 elementor-widget elementor-widget-text-editor\" data-id=\"bafd678\" data-element_type=\"widget\" data-e-type=\"widget\" data-widget_type=\"text-editor.default\">\n\t\t\t\t<div class=\"elementor-widget-container\">\n\t\t\t\t\t\t\t\t\t<p style=\"text-align: justify;\">At eighteen years old, she moved to Barcelona, where she studied and concluded her Graphic Design studies, but her gastronomy passion was the reason she came to Morella to be plenty focus in the restaurant. \u00c0ngela began by developing the restaurant\u2019s desserts and gradually moved into the kitchen. Since then, she has not stopped training, learning by herself and at important schools such as Gasma.<\/p>\n<p style=\"text-align: justify;\">Her hallmark is based on a cuisine that goes beyond the conventional, where local and seasonal products blends with the most exotic flavours, aromas and textures, using the most avant-garde techniques. This essence has earned her important awards such as the Comunitat Valenciana Young Promise.<\/p>\n<p style=\"text-align: justify;\">Cooking allows her to express her creativity in an alternative way to words. For this reason, she is always looking for a new experiences that help her to add value to her cooking. Travelling becomes a new opportunity to learn more about his passion, turning each dish into a different and unique proposal.<\/p>\n\t\t\t\t\t\t\t\t<\/div>\n\t\t\t\t<\/div>\n\t\t\t\t\t<\/div>\n\t\t<\/div>\n\t\t\t\t\t<\/div>\n\t\t<\/section>\n\t\t\t\t<section class=\"elementor-section elementor-top-section elementor-element elementor-element-9540db9 elementor-section-boxed elementor-section-height-default elementor-section-height-default\" data-id=\"9540db9\" data-element_type=\"section\" data-e-type=\"section\">\n\t\t\t\t\t\t<div class=\"elementor-container elementor-column-gap-default\">\n\t\t\t\t\t<div class=\"elementor-column elementor-col-100 elementor-top-column elementor-element elementor-element-3852382\" data-id=\"3852382\" data-element_type=\"column\" data-e-type=\"column\">\n\t\t\t<div class=\"elementor-widget-wrap\">\n\t\t\t\t\t\t\t<\/div>\n\t\t<\/div>\n\t\t\t\t\t<\/div>\n\t\t<\/section>\n\t\t\t\t<section class=\"elementor-section elementor-top-section elementor-element elementor-element-70ad96f1 elementor-section-stretched elementor-section-boxed elementor-section-height-default elementor-section-height-default\" data-id=\"70ad96f1\" data-element_type=\"section\" data-e-type=\"section\" data-settings=\"{&quot;stretch_section&quot;:&quot;section-stretched&quot;,&quot;background_background&quot;:&quot;classic&quot;}\">\n\t\t\t\t\t\t\t<div class=\"elementor-background-overlay\"><\/div>\n\t\t\t\t\t\t\t<div class=\"elementor-container elementor-column-gap-default\">\n\t\t\t\t\t<div class=\"elementor-column elementor-col-100 elementor-top-column elementor-element elementor-element-10641da\" data-id=\"10641da\" data-element_type=\"column\" data-e-type=\"column\">\n\t\t\t<div class=\"elementor-widget-wrap elementor-element-populated\">\n\t\t\t\t\t\t<div class=\"elementor-element elementor-element-558a2a8e elementor-widget elementor-widget-text-editor\" data-id=\"558a2a8e\" data-element_type=\"widget\" data-e-type=\"widget\" data-widget_type=\"text-editor.default\">\n\t\t\t\t<div class=\"elementor-widget-container\">\n\t\t\t\t\t\t\t\t\t<div class=\"smalltitle white margin-b16\">Testimonials<\/div>\n\t\t\t\t\t\t\t\t<\/div>\n\t\t\t\t<\/div>\n\t\t\t\t<div class=\"elementor-element elementor-element-1e0708f3 elementor-widget elementor-widget-heading\" data-id=\"1e0708f3\" data-element_type=\"widget\" data-e-type=\"widget\" data-widget_type=\"heading.default\">\n\t\t\t\t<div class=\"elementor-widget-container\">\n\t\t\t\t\t<h2 class=\"elementor-heading-title elementor-size-default\">What our customers say<\/h2>\t\t\t\t<\/div>\n\t\t\t\t<\/div>\n\t\t\t\t<div class=\"elementor-element elementor-element-5baf4f6 elementor-widget elementor-widget-shortcode\" data-id=\"5baf4f6\" data-element_type=\"widget\" data-e-type=\"widget\" data-widget_type=\"shortcode.default\">\n\t\t\t\t<div class=\"elementor-widget-container\">\n\t\t\t\t\t\t\t<div class=\"elementor-shortcode\"><div class=\"owl-carousel owl-theme testimonial-slider\"><div class=\"testimonial-info\"><h4 class=\"testimonial-desc\">\"In my opinion, a must-visit restaurant. We had a great meal, very elaborate dishes, modern cuisine and a mixture of flavours with very good results. The staff\u2019s attention was excellent, explaining the dishes they were serving. In short, if we return to Morella, we will repeat without hesitation.\"<\/h4>\n<div>Pablo<\/div>\nTripAdvisor<\/div><div class=\"testimonial-info\"><h4 class=\"testimonial-desc\">\"The perfect cocktail. Friendly people, nice place, delicious food and an enviable wine list. This is the third time I've been there and I'll keep going back to enjoy it as many times as I can. Highly recommended.\"<\/h4>\n<div>Raffaele F.<\/div>\nThe Fork<\/div><div class=\"testimonial-info\"><h4 class=\"testimonial-desc\">\"Happiness. That\u2019s what my partner and I felt when we tasted every bite of every dish. In particular, I was amazed with the carpaccio. The service was very attentive and with a brief and excellent explanation. The place is pleasant, in the centre of Morella. We will certainly repeat the next time we come back.\"<\/h4>\n<div>Alex Ruiz<\/div>\nGoogle My Business<\/div><\/div><\/div>\n\t\t\t\t\t\t<\/div>\n\t\t\t\t<\/div>\n\t\t\t\t\t<\/div>\n\t\t<\/div>\n\t\t\t\t\t<\/div>\n\t\t<\/section>\n\t\t\t\t<section class=\"elementor-section elementor-top-section elementor-element elementor-element-3cf5481 elementor-section-boxed elementor-section-height-default elementor-section-height-default\" data-id=\"3cf5481\" data-element_type=\"section\" data-e-type=\"section\">\n\t\t\t\t\t\t<div class=\"elementor-container elementor-column-gap-default\">\n\t\t\t\t\t<div class=\"elementor-column elementor-col-100 elementor-top-column elementor-element elementor-element-faca13b\" data-id=\"faca13b\" data-element_type=\"column\" data-e-type=\"column\">\n\t\t\t<div class=\"elementor-widget-wrap elementor-element-populated\">\n\t\t\t\t\t\t<div class=\"elementor-element elementor-element-dbb25dc elementor-widget elementor-widget-text-editor\" data-id=\"dbb25dc\" data-element_type=\"widget\" data-e-type=\"widget\" data-widget_type=\"text-editor.default\">\n\t\t\t\t<div class=\"elementor-widget-container\">\n\t\t\t\t\t\t\t\t\t<div class=\"smalltitle margin-b16\">Awards<\/div>\n<h2>Awards<\/h2>\n\t\t\t\t\t\t\t\t<\/div>\n\t\t\t\t<\/div>\n\t\t\t\t\t<\/div>\n\t\t<\/div>\n\t\t\t\t\t<\/div>\n\t\t<\/section>\n\t\t\t\t<section class=\"elementor-section elementor-top-section elementor-element elementor-element-97a989c elementor-section-boxed elementor-section-height-default elementor-section-height-default\" data-id=\"97a989c\" data-element_type=\"section\" data-e-type=\"section\">\n\t\t\t\t\t\t<div class=\"elementor-container elementor-column-gap-default\">\n\t\t\t\t\t<div class=\"elementor-column elementor-col-33 elementor-top-column elementor-element elementor-element-de9bbd6\" data-id=\"de9bbd6\" data-element_type=\"column\" data-e-type=\"column\">\n\t\t\t<div class=\"elementor-widget-wrap elementor-element-populated\">\n\t\t\t\t\t\t<div class=\"elementor-element elementor-element-29bdb36 elementor-widget elementor-widget-heading\" data-id=\"29bdb36\" data-element_type=\"widget\" data-e-type=\"widget\" data-widget_type=\"heading.default\">\n\t\t\t\t<div class=\"elementor-widget-container\">\n\t\t\t\t\t<p class=\"elementor-heading-title elementor-size-default\">2022<\/p>\t\t\t\t<\/div>\n\t\t\t\t<\/div>\n\t\t\t\t<div class=\"elementor-element elementor-element-c652586 elementor-widget elementor-widget-heading\" data-id=\"c652586\" data-element_type=\"widget\" data-e-type=\"widget\" data-widget_type=\"heading.default\">\n\t\t\t\t<div class=\"elementor-widget-container\">\n\t\t\t\t\t<h4 class=\"elementor-heading-title elementor-size-default\">Bib Gourmand <\/h4>\t\t\t\t<\/div>\n\t\t\t\t<\/div>\n\t\t\t\t<div class=\"elementor-element elementor-element-91d3c2f elementor-widget elementor-widget-heading\" data-id=\"91d3c2f\" data-element_type=\"widget\" data-e-type=\"widget\" data-widget_type=\"heading.default\">\n\t\t\t\t<div class=\"elementor-widget-container\">\n\t\t\t\t\t<p class=\"elementor-heading-title elementor-size-default\">\u00c0ngela has achieved the renewal of the Bib Gourmand of the Michelin guide from 2017 to the present.<\/p>\t\t\t\t<\/div>\n\t\t\t\t<\/div>\n\t\t\t\t\t<\/div>\n\t\t<\/div>\n\t\t\t\t<div class=\"elementor-column elementor-col-33 elementor-top-column elementor-element elementor-element-4e8fa9a\" data-id=\"4e8fa9a\" data-element_type=\"column\" data-e-type=\"column\">\n\t\t\t<div class=\"elementor-widget-wrap elementor-element-populated\">\n\t\t\t\t\t\t<div class=\"elementor-element elementor-element-4ad91d8 elementor-widget elementor-widget-heading\" data-id=\"4ad91d8\" data-element_type=\"widget\" data-e-type=\"widget\" data-widget_type=\"heading.default\">\n\t\t\t\t<div class=\"elementor-widget-container\">\n\t\t\t\t\t<p class=\"elementor-heading-title elementor-size-default\">2020<\/p>\t\t\t\t<\/div>\n\t\t\t\t<\/div>\n\t\t\t\t<div class=\"elementor-element elementor-element-ee79edd elementor-widget elementor-widget-heading\" data-id=\"ee79edd\" data-element_type=\"widget\" data-e-type=\"widget\" data-widget_type=\"heading.default\">\n\t\t\t\t<div class=\"elementor-widget-container\">\n\t\t\t\t\t<h4 class=\"elementor-heading-title elementor-size-default\">Onda Cero Gastronomy Award<\/h4>\t\t\t\t<\/div>\n\t\t\t\t<\/div>\n\t\t\t\t<div class=\"elementor-element elementor-element-2c20351 elementor-widget elementor-widget-heading\" data-id=\"2c20351\" data-element_type=\"widget\" data-e-type=\"widget\" data-widget_type=\"heading.default\">\n\t\t\t\t<div class=\"elementor-widget-container\">\n\t\t\t\t\t<p class=\"elementor-heading-title elementor-size-default\">\u00c0ngela won this award in 2020. .<\/p>\t\t\t\t<\/div>\n\t\t\t\t<\/div>\n\t\t\t\t\t<\/div>\n\t\t<\/div>\n\t\t\t\t<div class=\"elementor-column elementor-col-33 elementor-top-column elementor-element elementor-element-e2a2b8a\" data-id=\"e2a2b8a\" data-element_type=\"column\" data-e-type=\"column\">\n\t\t\t<div class=\"elementor-widget-wrap elementor-element-populated\">\n\t\t\t\t\t\t<div class=\"elementor-element elementor-element-c5d3538 elementor-widget elementor-widget-heading\" data-id=\"c5d3538\" data-element_type=\"widget\" data-e-type=\"widget\" data-widget_type=\"heading.default\">\n\t\t\t\t<div class=\"elementor-widget-container\">\n\t\t\t\t\t<p class=\"elementor-heading-title elementor-size-default\">2017<\/p>\t\t\t\t<\/div>\n\t\t\t\t<\/div>\n\t\t\t\t<div class=\"elementor-element elementor-element-2fc3621 elementor-widget elementor-widget-heading\" data-id=\"2fc3621\" data-element_type=\"widget\" data-e-type=\"widget\" data-widget_type=\"heading.default\">\n\t\t\t\t<div class=\"elementor-widget-container\">\n\t\t\t\t\t<h4 class=\"elementor-heading-title elementor-size-default\">2017. Young Promising Chef of Comunitat Valenciana<\/h4>\t\t\t\t<\/div>\n\t\t\t\t<\/div>\n\t\t\t\t<div class=\"elementor-element elementor-element-81cc96d elementor-widget elementor-widget-heading\" data-id=\"81cc96d\" data-element_type=\"widget\" data-e-type=\"widget\" data-widget_type=\"heading.default\">\n\t\t\t\t<div class=\"elementor-widget-container\">\n\t\t\t\t\t<p class=\"elementor-heading-title elementor-size-default\">\u00c0ngela obtained this recognition in 2017.<\/p>\t\t\t\t<\/div>\n\t\t\t\t<\/div>\n\t\t\t\t\t<\/div>\n\t\t<\/div>\n\t\t\t\t\t<\/div>\n\t\t<\/section>\n\t\t\t\t<\/div>\n\t\t","protected":false},"excerpt":{"rendered":"<p>\u00c0ngela Mili\u00e1n Chef \u00c0ngela Mili\u00e1n Chef PHONE: 670 86 14 20 EMAIL: comunicacion@restaurantevinatea.com Facebook Instagram \u00c0ngela Mili\u00e1n didn\u2019t choose cooking as a profession, she chose it as her own communication language. When Vinatea opened their doors, our chef only has one year old. For this, since child, she grows up in the restaurant. At eighteen years old, she moved to&#8230;<\/p>\n","protected":false},"author":1,"featured_media":0,"parent":0,"menu_order":0,"comment_status":"closed","ping_status":"closed","template":"elementor_header_footer","meta":{"_acf_changed":false,"footnotes":"","_links_to":"","_links_to_target":""},"class_list":["post-3664","page","type-page","status-publish","hentry"],"acf":[],"_links":{"self":[{"href":"https:\/\/restaurantevinatea.com\/en\/wp-json\/wp\/v2\/pages\/3664","targetHints":{"allow":["GET"]}}],"collection":[{"href":"https:\/\/restaurantevinatea.com\/en\/wp-json\/wp\/v2\/pages"}],"about":[{"href":"https:\/\/restaurantevinatea.com\/en\/wp-json\/wp\/v2\/types\/page"}],"author":[{"embeddable":true,"href":"https:\/\/restaurantevinatea.com\/en\/wp-json\/wp\/v2\/users\/1"}],"replies":[{"embeddable":true,"href":"https:\/\/restaurantevinatea.com\/en\/wp-json\/wp\/v2\/comments?post=3664"}],"version-history":[{"count":4,"href":"https:\/\/restaurantevinatea.com\/en\/wp-json\/wp\/v2\/pages\/3664\/revisions"}],"predecessor-version":[{"id":3671,"href":"https:\/\/restaurantevinatea.com\/en\/wp-json\/wp\/v2\/pages\/3664\/revisions\/3671"}],"wp:attachment":[{"href":"https:\/\/restaurantevinatea.com\/en\/wp-json\/wp\/v2\/media?parent=3664"}],"curies":[{"name":"wp","href":"https:\/\/api.w.org\/{rel}","templated":true}]}}